{"id":57,"date":"2021-09-28T11:37:02","date_gmt":"2021-09-28T11:37:02","guid":{"rendered":"https:\/\/lhcb2022.tu-dortmund.de\/?page_id=57"},"modified":"2022-09-04T08:22:40","modified_gmt":"2022-09-04T08:22:40","slug":"local-information","status":"publish","type":"page","link":"https:\/\/lhcb2022.tu-dortmund.de\/index.php\/local-information\/","title":{"rendered":"Travel Information"},"content":{"rendered":"\n<h2 class=\"wp-block-heading\" style=\"font-size:30px\">Venue<\/h2>\n\n\n\n<p>The <strong>conference venue<\/strong> is located at the <strong>south campus<\/strong> of the university. There, the <a href=\"https:\/\/www.google.com\/maps\/place\/51%C2%B029'01.2%22N+7%C2%B024'50.6%22E\/@51.4837351,7.4139842,20.35z\" data-type=\"URL\" data-id=\"https:\/\/www.google.com\/maps\/place\/51%C2%B029'01.2%22N+7%C2%B024'50.6%22E\/@51.4837351,7.4139842,20.35z\">Rudolf-Chaudoire-Pavillion<\/a> will serve as social meeting point with the helpdesk, coffee machines and working places. Directly opposed to the pavilion, the <a href=\"https:\/\/www.google.com\/maps\/place\/Technische+Universit%C3%A4t+Dortmund+-+H%C3%B6rsaalgeb%C3%A4ude+1\/@51.4843038,7.4138756,20z\/data=!4m8!1m2!3m1!2sTechnische+Universit%C3%A4t+Dortmund+-+H%C3%B6rsaalgeb%C3%A4ude+1!3m4!1s0x47b9185110faaaab:0xebe9f3e9194e26cb!8m2!3d51.484358!4d7.4138426\" data-type=\"URL\" data-id=\"https:\/\/www.google.com\/maps\/place\/Technische+Universit%C3%A4t+Dortmund+-+H%C3%B6rsaalgeb%C3%A4ude+1\/@51.4843038,7.4138756,20z\/data=!4m8!1m2!3m1!2sTechnische+Universit%C3%A4t+Dortmund+-+H%C3%B6rsaalgeb%C3%A4ude+1!3m4!1s0x47b9185110faaaab:0xebe9f3e9194e26cb!8m2!3d51.484358!4d7.4138426\">main lecture hall<\/a> will be used for plenary sessions, while several seminar rooms are available for parallel sessions.<\/p>\n\n\n\n<p><strong>Address:<\/strong><br>Technische Universit\u00e4t Dortmund \u2013 Campus S\u00fcd<br>Baroper Stra\u00dfe 297<br>44227 Dortmund<br>Germany<\/p>\n\n\n\n<p>The south campus can be reached by a 15-minute walk from university&#8217;s local train station (<a href=\"https:\/\/www.google.com\/maps\/place\/Dortmund+Universit%C3%A4t\/@51.4924473,7.4173521,20.65z\/data=!4m5!3m4!1s0x47b919ad18ba46d7:0xae6f3214e15e0da5!8m2!3d51.4923353!4d7.4174361\" data-type=\"URL\" data-id=\"https:\/\/www.google.com\/maps\/place\/Dortmund+Universit%C3%A4t\/@51.4924473,7.4173521,20.65z\/data=!4m5!3m4!1s0x47b919ad18ba46d7:0xae6f3214e15e0da5!8m2!3d51.4923353!4d7.4174361\">Dortmund-Universit\u00e4t<\/a>) located at the north campus. Alternatively, one can use a less than 3 minute trip with a suspended monorail train (<a href=\"https:\/\/en.wikipedia.org\/wiki\/H-Bahn\" data-type=\"URL\" data-id=\"https:\/\/en.wikipedia.org\/wiki\/H-Bahn\">H-Bahn<\/a>), which shuttles between the north and the south campus every 5 minutes.<\/p>\n\n\n\n<p>Please remember that wearing a medical mask is mandatory in public transport in Germany. <\/p>\n\n\n\n<iframe loading=\"lazy\" src=\"https:\/\/www.google.com\/maps\/d\/embed?mid=1QKZaq5zsWoayIm92kiAPCvX2Yo5BOvk&amp;ehbc=2E312F\" width=\"640\" height=\"480\"><\/iframe>\n\n\n\n<h2 class=\"wp-block-heading\">Travel advice<\/h2>\n\n\n\n<p><strong>From D\u00fcsseldorf airport<\/strong><\/p>\n\n\n\n<p>The optimal way to travel to Dortmund Hbf (Dortmund central station) from D\u00fcsseldorf Flughafen (D\u00fcsseldorf Airport) is by train. At D\u00fcsseldorf Airport, we suggest you take the &#8220;SkyTrain&#8221; monorail which brings you to the mainline train station &#8220;D\u00fcsseldorf Flughafen Bahnhof&#8221;. From there, regular connections to Dortmund can be found. Please note that the D\u00fcsseldorf Airport also has a local S-Bahn train station inside the terminal, but this train only goes to D\u00fcsseldorf city centre (which is opposite direction).<\/p>\n\n\n\n<p>From the D\u00fcsseldorf Flughafen Bahnhof, you have several options (we suggest using <a rel=\"noreferrer noopener\" href=\"https:\/\/www.vrr.de\/en\/homepage\/\" target=\"_blank\">https:\/\/www.vrr.de\/en\/homepage\/<\/a> for planning your travel):<\/p>\n\n\n\n<ul class=\"wp-block-list\"><li>The slow local train S1 (direction Dortmund Hbf) takes about 70 minutes to get to Dortmund. It stops at the university (Dortmund-Universit\u00e4t) as well.<\/li><li>The regional express trains such as RE1 (direction Hamm), RE11 (direction Kassel or Paderborn), RE6 (direction Minden) or RE3 (direction Hamm) will take you to Dortmund Hbf (without stopping at the university!) in about 50 minutes.<\/li><li>The intercity (IC) or intercity express (ICE) trains take about the same time to reach Dortmund Hbf, but are more expensive therefore we do not recommend them.<\/li><\/ul>\n\n\n\n<p>For the regional trains (S1 or RE) the most cost-effective option would be the EinzelTicket Erwachsener (single ticket adult). You have to buy the ticket for Zone D (Preisstufe D) which costs 15.70 EUR, which is valid for 5 hours after being stamped, in any local transport in the region (including buses, trams, etc in Dortmund). This will allow you to reach your hotel from the airport with a single ticket. The same option works (with switched destinations) for the commute back to D\u00fcsseldorf Airport from Dortmund, so in total plan 31.40 EUR for both ways.<\/p>\n\n\n\n<p><strong>If you arrive to the Dortmund airport<\/strong>, you have the following options (we suggest using <a rel=\"noreferrer noopener\" href=\"https:\/\/www.vrr.de\/en\/homepage\/\" target=\"_blank\">https:\/\/www.vrr.de\/en\/homepage\/<\/a> for planning your travel):<\/p>\n\n\n\n<ul class=\"wp-block-list\"><li>&#8220;Airport express&#8221; bus brings you every hour (XX:00) directly to Dortmund Hbf. It is pricey: 9 EUR for a single trip. The ticket can be bought from the ticket machine at the bus stop, or from the driver. This ticket is not valid for any other transport so you will need an additional A3 ticket (price 3.00 EUR) to reach the university.<\/li><li>Local bus 490 goes every ~20 minutes to the nearest tram stop called &#8220;Aplerbeck&#8221;. It costs 3.00 EUR, and the ticket is valid for 90 minutes in any local transport in Dortmund. The ticket can be bought from the ticket machine at the bus stop, or from the driver. From Aplerbeck, take the tram (U47) to reach the Dortmund city center or the Dortmund main station. The bus 440 brings you from Aplerbeck directly to the south campus of the university in about 50 minutes: alight at the stop \u201cEichlinghofen H-Bahn\u201d and take a 5-minute walk or a short ride on the monorail.<\/li><\/ul>\n\n\n\n<p><strong>From Dortmund Hbf (main station) to the venue<\/strong><\/p>\n\n\n\n<p>Take the <strong>S1 regional train<\/strong> (usually departs from platform 7 every 15 minutes in the rush hour, direction Solingen \/ Essen) to the stop Dortmund-Universit\u00e4t. <strong>S1 is the only train going to the university, please do not board any other trains. <\/strong><\/p>\n\n\n\n<p>From Dortmund-Universit\u00e4t, take the monorail &#8220;H-bahn&#8221; train in direction Eichlinghofen \/ Campus-S\u00fcd (every 10 minutes), alight at Campus-S\u00fcd. Alternatively, walk to the &#8220;Campus Nord&#8221; monorail stop nearby and take the monorail to Campus-S\u00fcd (every 5 minutes). Alternatively, take a walk (~15 minutes) \u2013 see the map above. <\/p>\n\n\n\n<p>We suggest using <a rel=\"noreferrer noopener\" href=\"https:\/\/www.vrr.de\/en\/homepage\/\" target=\"_blank\">https:\/\/www.vrr.de\/en\/homepage\/<\/a> for planning your travel from the hotel to the venue. If arriving by city bus, one can go to &#8220;<a href=\"https:\/\/www.google.com\/maps\/place\/Eichlinghofen+H-Bahn\/@51.4816005,7.4088304,18.96z\/data=!4m5!3m4!1s0x47b91857626ed6b7:0x2588b79605707475!8m2!3d51.481374!4d7.408434\" data-type=\"URL\" data-id=\"https:\/\/www.google.com\/maps\/place\/Eichlinghofen+H-Bahn\/@51.4816005,7.4088304,18.96z\/data=!4m5!3m4!1s0x47b91857626ed6b7:0x2588b79605707475!8m2!3d51.481374!4d7.408434\">Eichlinghofen H-bahn<\/a>&#8221; stop, from where it&#8217;s a 5 minute walk or a 1-minute monorail ride. From the city center, one can take the U42 (underground tram) till the stop Barop Parkhaus, and from there bus 440 (direction Oespel\/Germania) till the Eichlinghofen H-bahn stop. Alternatively, walk to the train station and use S1.<\/p>\n\n\n\n<p>For your travels <strong>in the travel district Dortmund<\/strong> (Preisstufe A3) you can use single tickets <strong>Zone A3<\/strong> (3.00 EUR, valid for 90 minutes) which allow you to use any public transport within city limits of Dortmund, including the H-Bahn monorail on the university campus.<br>We can also suggest a 10er Ticket (valid for 10 trips) which costs 23,40 EUR.<\/p>\n\n\n\n<p><strong>The handling of the tickets for the excursions will be explained separately.<\/strong><\/p>\n\n\n\n<p>All tickets can be bought from the ticket machines (all of them should have an option to choose English interface). At the D\u00fcsseldorf Airport train station, and Dortmund main station, there are also ticket desks (watch for &#8220;VRR&#8221; signs). <\/p>\n\n\n\n<p><strong>Scroll to the bottom of this page for explanations on how the ticket machines work in Dortmund.<\/strong><\/p>\n\n\n\n<p>All public-transport tickets <strong>must be stamped<\/strong> before staring your journey. Some ticket machines (the green VRR machines) do this automatically for the A3 single tickets. Some other machines (red DSW21 ones) do NOT stamp your ticket. In that case, you need to do it yourself at the entrance to the platform. <strong>Please pay attention to this step.<\/strong><\/p>\n\n\n\n<p>If you only use H-bahn (the hanging monorail) and not any other transport, you can buy a special H-bahn ticket for 0.90 EUR from the ticket machines at the stations. <\/p>\n\n\n\n<h2 class=\"wp-block-heading\" style=\"font-size:30px\">How to reach Dortmund?<\/h2>\n\n\n<div\n\t\t\t\n\t\t\tclass=\"so-widget-sow-accordion so-widget-sow-accordion-default-0cbe2f692174\"\n\t\t\t\n\t\t><div>\n\t<div class=\"sow-accordion\">\n\t\t\t<div class=\"sow-accordion-panel\n\t\t sow-accordion-panel-open\t\t\t\"\n\t\t\t\tdata-anchor-id=\"by-plane\">\n\t\t\t\t\t<div class=\"sow-accordion-panel-header-container\" role=\"heading\" aria-level=\"2\">\n\t\t\t\t\t<div class=\"sow-accordion-panel-header\" tabindex=\"0\" role=\"button\" id=\"accordion-label-by-plane\" aria-controls=\"accordion-content-by-plane\" aria-expanded=\"true\">\n\t\t\t\t\t\t<div class=\"sow-accordion-title sow-accordion-title-icon-left\">\n\t\t\t\t\t\t\t\t\t\t\t\t\t\tBy plane\t\t\t\t\t\t\t\t\t\t\t\t\t<\/div>\n\t\t\t\t\t\t<div class=\"sow-accordion-open-close-button\">\n\t\t\t\t\t\t\t<div class=\"sow-accordion-open-button\">\n\t\t\t\t\t\t\t\t<span class=\"sow-icon-ionicons\" data-sow-icon=\"&#xf218;\"\n\t\t \n\t\taria-hidden=\"true\"><\/span>\t\t\t\t\t\t\t<\/div>\n\t\t\t\t\t\t\t<div class=\"sow-accordion-close-button\">\n\t\t\t\t\t\t\t\t<span class=\"sow-icon-ionicons\" data-sow-icon=\"&#xf209;\"\n\t\t \n\t\taria-hidden=\"true\"><\/span>\t\t\t\t\t\t\t<\/div>\n\t\t\t\t\t\t<\/div>\n\t\t\t\t\t<\/div>\n\t\t\t\t<\/div>\n\n\t\t\t<div\n\t\t\t\tclass=\"sow-accordion-panel-content\"\n\t\t\t\trole=\"region\"\n\t\t\t\taria-labelledby=\"accordion-label-by-plane\"\n\t\t\t\tid=\"accordion-content-by-plane\"\n\t\t\t\t\t\t\t>\n\t\t\t\t<div class=\"sow-accordion-panel-border\">\n\t\t\t\t\t<p>A wide range of international flight connections is offered by D\u00fcsseldorf Airport, about 60 kilometers away, which can be reached directly by S-Bahn from the university&#8217;s train station. Dortmund has also a small airport with some few connections. It takes just over 20 minutes to get to Dortmund Central Station by AirportExpress and from there to the university by S-Bahn.<\/p>\n\t\t\t\t<\/div>\n\t\t\t<\/div>\n\t\t<\/div>\n\t\t\t<div class=\"sow-accordion-panel\n\t\t\t\t\t\"\n\t\t\t\tdata-anchor-id=\"by-bus-and-train\">\n\t\t\t\t\t<div class=\"sow-accordion-panel-header-container\" role=\"heading\" aria-level=\"2\">\n\t\t\t\t\t<div class=\"sow-accordion-panel-header\" tabindex=\"0\" role=\"button\" id=\"accordion-label-by-bus-and-train\" aria-controls=\"accordion-content-by-bus-and-train\" aria-expanded=\"false\">\n\t\t\t\t\t\t<div class=\"sow-accordion-title sow-accordion-title-icon-left\">\n\t\t\t\t\t\t\t\t\t\t\t\t\t\tBy bus and train\t\t\t\t\t\t\t\t\t\t\t\t\t<\/div>\n\t\t\t\t\t\t<div class=\"sow-accordion-open-close-button\">\n\t\t\t\t\t\t\t<div class=\"sow-accordion-open-button\">\n\t\t\t\t\t\t\t\t<span class=\"sow-icon-ionicons\" data-sow-icon=\"&#xf218;\"\n\t\t \n\t\taria-hidden=\"true\"><\/span>\t\t\t\t\t\t\t<\/div>\n\t\t\t\t\t\t\t<div class=\"sow-accordion-close-button\">\n\t\t\t\t\t\t\t\t<span class=\"sow-icon-ionicons\" data-sow-icon=\"&#xf209;\"\n\t\t \n\t\taria-hidden=\"true\"><\/span>\t\t\t\t\t\t\t<\/div>\n\t\t\t\t\t\t<\/div>\n\t\t\t\t\t<\/div>\n\t\t\t\t<\/div>\n\n\t\t\t<div\n\t\t\t\tclass=\"sow-accordion-panel-content\"\n\t\t\t\trole=\"region\"\n\t\t\t\taria-labelledby=\"accordion-label-by-bus-and-train\"\n\t\t\t\tid=\"accordion-content-by-bus-and-train\"\n\t\t\t\tstyle=\"display: none;\"\t\t\t>\n\t\t\t\t<div class=\"sow-accordion-panel-border\">\n\t\t\t\t\t<p>The &#8220;Dortmund Universit\u00e4t&#8221; S-Bahn station is located directly on the North Campus. From there, the S-Bahn line S1 runs every 15 to 30 minutes to Dortmund main station and in the opposite direction to D\u00fcsseldorf main station via Bochum, Essen and Duisburg. In addition, the university can be reached by bus lines 445, 447, 462 and X13. Timetable information can be found on the homepage of the Rhine-Ruhr transport association (VRR), and DSW21 also offers an interactive route network map.<\/p>\n\t\t\t\t<\/div>\n\t\t\t<\/div>\n\t\t<\/div>\n\t\t\t<div class=\"sow-accordion-panel\n\t\t\t\t\t\"\n\t\t\t\tdata-anchor-id=\"by-car\">\n\t\t\t\t\t<div class=\"sow-accordion-panel-header-container\" role=\"heading\" aria-level=\"2\">\n\t\t\t\t\t<div class=\"sow-accordion-panel-header\" tabindex=\"0\" role=\"button\" id=\"accordion-label-by-car\" aria-controls=\"accordion-content-by-car\" aria-expanded=\"false\">\n\t\t\t\t\t\t<div class=\"sow-accordion-title sow-accordion-title-icon-left\">\n\t\t\t\t\t\t\t\t\t\t\t\t\t\tBy car\t\t\t\t\t\t\t\t\t\t\t\t\t<\/div>\n\t\t\t\t\t\t<div class=\"sow-accordion-open-close-button\">\n\t\t\t\t\t\t\t<div class=\"sow-accordion-open-button\">\n\t\t\t\t\t\t\t\t<span class=\"sow-icon-ionicons\" data-sow-icon=\"&#xf218;\"\n\t\t \n\t\taria-hidden=\"true\"><\/span>\t\t\t\t\t\t\t<\/div>\n\t\t\t\t\t\t\t<div class=\"sow-accordion-close-button\">\n\t\t\t\t\t\t\t\t<span class=\"sow-icon-ionicons\" data-sow-icon=\"&#xf209;\"\n\t\t \n\t\taria-hidden=\"true\"><\/span>\t\t\t\t\t\t\t<\/div>\n\t\t\t\t\t\t<\/div>\n\t\t\t\t\t<\/div>\n\t\t\t\t<\/div>\n\n\t\t\t<div\n\t\t\t\tclass=\"sow-accordion-panel-content\"\n\t\t\t\trole=\"region\"\n\t\t\t\taria-labelledby=\"accordion-label-by-car\"\n\t\t\t\tid=\"accordion-content-by-car\"\n\t\t\t\tstyle=\"display: none;\"\t\t\t>\n\t\t\t\t<div class=\"sow-accordion-panel-border\">\n\t\t\t\t\t<p>Dortmund West, where the Sauerland line A45 crosses the Ruhr expressway B1\/A40. The Dortmund-Eichlinghofen exit on the A45 leads to the South Campus, the Dortmund-Dorstfeld exit on the A40 leads to the North Campus. The university is signposted at both exits.<\/p>\n\t\t\t\t<\/div>\n\t\t\t<\/div>\n\t\t<\/div>\n\t\t<\/div>\n<\/div>\n<\/div>\n\n\n<h2 class=\"wp-block-heading\">Your guide to ticket machines in Dortmund<\/h2>\n\n\n\n<p>In most of public transport in Dortmund, you have to buy and validate your ticket before boarding. In buses, it is sometimes possible to buy from the driver. <\/p>\n\n\n\n<p>The region has the following price zones: &#8220;A3&#8221; gives you a ticket for the given city only (e.g. Dortmund) valid for 90 minutes, zone B allows to travel to adjacent cities (valid 2 hours), zone C extends a bit further (3 hours) while zone D covers the whole area (5 hours). Each ticket also has a 24-hour version. You need the ticket A3 to move within Dortmund, and ticket D to reach the D\u00fcsseldorf airport. If you join the &#8220;industry tour&#8221; to Zollverein on Thursday, a ticket B will be needed. <\/p>\n\n\n\n<p>There are essentially three types of ticket machines for public transport you can find in Dortmund. We show below how to buy the &#8220;A3&#8221; ticket in these machines. Getting other tickets is slightly more complicated \u2013 e.g. one needs to use the destination search, or select &#8220;other tickets&#8221; and navigate from there. <\/p>\n\n\n\n<div class=\"wp-block-media-text alignwide is-stacked-on-mobile is-style-default\" style=\"grid-template-columns:27% auto\"><figure class=\"wp-block-media-text__media\"><img loading=\"lazy\" decoding=\"async\" width=\"768\" height=\"1024\" src=\"https:\/\/lhcb2022.tu-dortmund.de\/wp-content\/uploads\/2022\/09\/image-768x1024.png\" alt=\"\" class=\"wp-image-524 size-full\" srcset=\"https:\/\/lhcb2022.tu-dortmund.de\/wp-content\/uploads\/2022\/09\/image-768x1024.png 768w, https:\/\/lhcb2022.tu-dortmund.de\/wp-content\/uploads\/2022\/09\/image-225x300.png 225w, https:\/\/lhcb2022.tu-dortmund.de\/wp-content\/uploads\/2022\/09\/image-1152x1536.png 1152w, https:\/\/lhcb2022.tu-dortmund.de\/wp-content\/uploads\/2022\/09\/image.png 1300w\" sizes=\"auto, (max-width: 768px) 100vw, 768px\" \/><\/figure><div class=\"wp-block-media-text__content\">\n<p><strong>The &#8220;green VRR machines&#8221;<\/strong> can be found at every train station (including S-bahn). You can buy any regional\/local tickets from them; payment by card or cash is possible. Your ticket is normally validated for immediate departure by the machine itself, unless you ask otherwise (see second image). <\/p>\n\n\n\n<figure class=\"wp-block-image size-full is-resized\"><img loading=\"lazy\" decoding=\"async\" src=\"https:\/\/lhcb2022.tu-dortmund.de\/wp-content\/uploads\/2022\/09\/image-6.png\" alt=\"\" class=\"wp-image-536\" width=\"581\" height=\"435\" srcset=\"https:\/\/lhcb2022.tu-dortmund.de\/wp-content\/uploads\/2022\/09\/image-6.png 1024w, https:\/\/lhcb2022.tu-dortmund.de\/wp-content\/uploads\/2022\/09\/image-6-300x225.png 300w, https:\/\/lhcb2022.tu-dortmund.de\/wp-content\/uploads\/2022\/09\/image-6-768x576.png 768w\" sizes=\"auto, (max-width: 581px) 100vw, 581px\" \/><\/figure>\n\n\n\n<figure class=\"wp-block-image size-full is-resized\"><img loading=\"lazy\" decoding=\"async\" src=\"https:\/\/lhcb2022.tu-dortmund.de\/wp-content\/uploads\/2022\/09\/ticket_machines.003.jpeg\" alt=\"\" class=\"wp-image-543\" width=\"582\" height=\"436\" srcset=\"https:\/\/lhcb2022.tu-dortmund.de\/wp-content\/uploads\/2022\/09\/ticket_machines.003.jpeg 1024w, https:\/\/lhcb2022.tu-dortmund.de\/wp-content\/uploads\/2022\/09\/ticket_machines.003-300x225.jpeg 300w, https:\/\/lhcb2022.tu-dortmund.de\/wp-content\/uploads\/2022\/09\/ticket_machines.003-768x576.jpeg 768w\" sizes=\"auto, (max-width: 582px) 100vw, 582px\" \/><\/figure>\n<\/div><\/div>\n\n\n\n<div class=\"wp-block-media-text alignwide is-stacked-on-mobile\" style=\"grid-template-columns:25% auto\"><figure class=\"wp-block-media-text__media\"><img loading=\"lazy\" decoding=\"async\" width=\"749\" height=\"1024\" src=\"https:\/\/lhcb2022.tu-dortmund.de\/wp-content\/uploads\/2022\/09\/PXL_20220903_105706286-749x1024.jpg\" alt=\"\" class=\"wp-image-532 size-full\" srcset=\"https:\/\/lhcb2022.tu-dortmund.de\/wp-content\/uploads\/2022\/09\/PXL_20220903_105706286-749x1024.jpg 749w, https:\/\/lhcb2022.tu-dortmund.de\/wp-content\/uploads\/2022\/09\/PXL_20220903_105706286-219x300.jpg 219w, https:\/\/lhcb2022.tu-dortmund.de\/wp-content\/uploads\/2022\/09\/PXL_20220903_105706286-768x1050.jpg 768w, https:\/\/lhcb2022.tu-dortmund.de\/wp-content\/uploads\/2022\/09\/PXL_20220903_105706286.jpg 910w\" sizes=\"auto, (max-width: 749px) 100vw, 749px\" \/><\/figure><div class=\"wp-block-media-text__content\">\n<p><strong>The &#8220;red DSW21 machines&#8221;<\/strong> are located in the tram stops (U-bahn), hanging monorail stations (H-bahn) and certain bus stops. You can buy any regional\/local tickets from them. Many of these machines only accept cash. Your ticket needs to be validated (as explained below). <\/p>\n\n\n\n<figure class=\"wp-block-image size-full is-resized\"><img loading=\"lazy\" decoding=\"async\" src=\"https:\/\/lhcb2022.tu-dortmund.de\/wp-content\/uploads\/2022\/09\/image-7.png\" alt=\"\" class=\"wp-image-539\" width=\"601\" height=\"451\" srcset=\"https:\/\/lhcb2022.tu-dortmund.de\/wp-content\/uploads\/2022\/09\/image-7.png 1024w, https:\/\/lhcb2022.tu-dortmund.de\/wp-content\/uploads\/2022\/09\/image-7-300x225.png 300w, https:\/\/lhcb2022.tu-dortmund.de\/wp-content\/uploads\/2022\/09\/image-7-768x576.png 768w\" sizes=\"auto, (max-width: 601px) 100vw, 601px\" \/><\/figure>\n<\/div><\/div>\n\n\n\n<div class=\"wp-block-media-text alignwide is-stacked-on-mobile\" style=\"grid-template-columns:25% auto\"><figure class=\"wp-block-media-text__media\"><img loading=\"lazy\" decoding=\"async\" width=\"768\" height=\"1024\" src=\"https:\/\/lhcb2022.tu-dortmund.de\/wp-content\/uploads\/2022\/09\/image-5-768x1024.png\" alt=\"\" class=\"wp-image-529 size-full\" srcset=\"https:\/\/lhcb2022.tu-dortmund.de\/wp-content\/uploads\/2022\/09\/image-5-768x1024.png 768w, https:\/\/lhcb2022.tu-dortmund.de\/wp-content\/uploads\/2022\/09\/image-5-225x300.png 225w, https:\/\/lhcb2022.tu-dortmund.de\/wp-content\/uploads\/2022\/09\/image-5-1152x1536.png 1152w, https:\/\/lhcb2022.tu-dortmund.de\/wp-content\/uploads\/2022\/09\/image-5.png 1300w\" sizes=\"auto, (max-width: 768px) 100vw, 768px\" \/><\/figure><div class=\"wp-block-media-text__content\">\n<p>The Deutsche Bahn ticket machines sell <strong>long-distance<\/strong> train tickets. In Dortmund,  it is usually <strong>not possible<\/strong> to buy local transport tickets from these machines. Do not use them for local\/regional transport.<\/p>\n<\/div><\/div>\n\n\n\n<div class=\"wp-block-media-text alignwide is-stacked-on-mobile\"><figure class=\"wp-block-media-text__media\"><img loading=\"lazy\" decoding=\"async\" width=\"1024\" height=\"772\" src=\"https:\/\/lhcb2022.tu-dortmund.de\/wp-content\/uploads\/2022\/09\/image-8-1024x772.png\" alt=\"\" class=\"wp-image-545 size-full\" srcset=\"https:\/\/lhcb2022.tu-dortmund.de\/wp-content\/uploads\/2022\/09\/image-8-1024x772.png 1024w, https:\/\/lhcb2022.tu-dortmund.de\/wp-content\/uploads\/2022\/09\/image-8-300x226.png 300w, https:\/\/lhcb2022.tu-dortmund.de\/wp-content\/uploads\/2022\/09\/image-8-768x579.png 768w, https:\/\/lhcb2022.tu-dortmund.de\/wp-content\/uploads\/2022\/09\/image-8-1536x1158.png 1536w, https:\/\/lhcb2022.tu-dortmund.de\/wp-content\/uploads\/2022\/09\/image-8.png 1918w\" sizes=\"auto, (max-width: 1024px) 100vw, 1024px\" \/><\/figure><div class=\"wp-block-media-text__content\">\n<p><strong>To validate your tickets<\/strong> (unless they are validated by the ticket machine), insert your ticket in one of these boxes before departure. They can be found next to the ticket machines, or near the entrance to the platform. <\/p>\n\n\n\n<p>The timestamp should appear on your ticket. <\/p>\n\n\n\n<p>Similar devices are installed in all buses. <\/p>\n<\/div><\/div>\n\n\n\n<div class=\"wp-block-media-text alignwide is-stacked-on-mobile\"><figure class=\"wp-block-media-text__media\"><img loading=\"lazy\" decoding=\"async\" width=\"959\" height=\"1024\" src=\"https:\/\/lhcb2022.tu-dortmund.de\/wp-content\/uploads\/2022\/09\/image-9-959x1024.png\" alt=\"\" class=\"wp-image-549 size-full\" srcset=\"https:\/\/lhcb2022.tu-dortmund.de\/wp-content\/uploads\/2022\/09\/image-9-959x1024.png 959w, https:\/\/lhcb2022.tu-dortmund.de\/wp-content\/uploads\/2022\/09\/image-9-281x300.png 281w, https:\/\/lhcb2022.tu-dortmund.de\/wp-content\/uploads\/2022\/09\/image-9-768x820.png 768w, https:\/\/lhcb2022.tu-dortmund.de\/wp-content\/uploads\/2022\/09\/image-9.png 1415w\" sizes=\"auto, (max-width: 959px) 100vw, 959px\" \/><\/figure><div class=\"wp-block-media-text__content\">\n<p>The ticket on the top is already validated by the machine (note the timestamp on the right).<\/p>\n\n\n\n<p>The ticket on the bottom is not yet validated (note the empty field on the right) and needs to be validated in the box. <\/p>\n<\/div><\/div>\n","protected":false},"excerpt":{"rendered":"<p>Venue The conference venue is located at the south campus of the university. There, the Rudolf-Chaudoire-Pavillion will serve as social meeting point with the helpdesk, coffee machines and working places. Directly opposed to the pavilion, the main lecture hall will be used for plenary sessions, while several seminar rooms are available for parallel sessions. Address:Technische [&hellip;]<\/p>\n","protected":false},"author":1,"featured_media":0,"parent":0,"menu_order":0,"comment_status":"closed","ping_status":"closed","template":"","meta":{"footnotes":""},"class_list":["post-57","page","type-page","status-publish","hentry","post"],"_links":{"self":[{"href":"https:\/\/lhcb2022.tu-dortmund.de\/index.php\/wp-json\/wp\/v2\/pages\/57","targetHints":{"allow":["GET"]}}],"collection":[{"href":"https:\/\/lhcb2022.tu-dortmund.de\/index.php\/wp-json\/wp\/v2\/pages"}],"about":[{"href":"https:\/\/lhcb2022.tu-dortmund.de\/index.php\/wp-json\/wp\/v2\/types\/page"}],"author":[{"embeddable":true,"href":"https:\/\/lhcb2022.tu-dortmund.de\/index.php\/wp-json\/wp\/v2\/users\/1"}],"replies":[{"embeddable":true,"href":"https:\/\/lhcb2022.tu-dortmund.de\/index.php\/wp-json\/wp\/v2\/comments?post=57"}],"version-history":[{"count":61,"href":"https:\/\/lhcb2022.tu-dortmund.de\/index.php\/wp-json\/wp\/v2\/pages\/57\/revisions"}],"predecessor-version":[{"id":572,"href":"https:\/\/lhcb2022.tu-dortmund.de\/index.php\/wp-json\/wp\/v2\/pages\/57\/revisions\/572"}],"wp:attachment":[{"href":"https:\/\/lhcb2022.tu-dortmund.de\/index.php\/wp-json\/wp\/v2\/media?parent=57"}],"curies":[{"name":"wp","href":"https:\/\/api.w.org\/{rel}","templated":true}]}}